{"id":98,"date":"2018-12-30T23:13:57","date_gmt":"2018-12-31T01:13:57","guid":{"rendered":"http:\/\/newsjur.nienowadvogados.com.br\/?page_id=98"},"modified":"2019-01-01T18:00:58","modified_gmt":"2019-01-01T20:00:58","slug":"links","status":"publish","type":"page","link":"https:\/\/nienowadvogados.com.br\/index.php\/links\/","title":{"rendered":"Links"},"content":{"rendered":"\n<h2 class=\"wp-block-heading\">Tribunais Superiores<\/h2>\n\n\n\n<p><a href=\"http:\/\/www.stf.gov.br\/\" target=\"_blank\" rel=\"noreferrer noopener\" aria-label=\" (abre em uma nova aba)\">Supremo Tribunal Federal &#8211; STF<\/a><\/p>\n\n\n\n<p><a target=\"_blank\" href=\"http:\/\/www.stm.gov.br\/\" rel=\"noreferrer noopener\">Superior Tribunal Militar &#8211; STM<\/a><\/p>\n\n\n\n<p><a target=\"_blank\" href=\"http:\/\/www.stj.gov.br\/\" rel=\"noreferrer noopener\">Superior Tribunal de Justi\u00e7a &#8211; STJ<\/a><\/p>\n\n\n\n<p><a target=\"_blank\" href=\"http:\/\/www.tst.gov.br\/\" rel=\"noreferrer noopener\">Tribunal Superior do Trabalho &#8211; TST<\/a><\/p>\n\n\n\n<p><a target=\"_blank\" href=\"http:\/\/www.tse.gov.br\/\" rel=\"noreferrer noopener\">Tribunal Superior Eleitoral &#8211; TSE<\/a><br>&nbsp;<\/p>\n\n\n\n<h2 class=\"wp-block-heading\">Tribunais Regionais Federais<\/h2>\n\n\n\n<p><a target=\"_blank\" href=\"http:\/\/www.trf1.gov.br\/\" rel=\"noreferrer noopener\">1\u00aa Regi\u00e3o (Distrito Federal)<\/a><\/p>\n\n\n\n<p><a target=\"_blank\" href=\"http:\/\/www.trf2.gov.br\/\" rel=\"noreferrer noopener\">2\u00aa Regi\u00e3o (Rio de Janeiro)<\/a><\/p>\n\n\n\n<p><a target=\"_blank\" href=\"http:\/\/www.trf3.gov.br\/\" rel=\"noreferrer noopener\">3\u00aa Regi\u00e3o (S\u00e3o Paulo)<\/a><\/p>\n\n\n\n<p><a target=\"_blank\" href=\"http:\/\/www.trf4.gov.br\/\" rel=\"noreferrer noopener\">4\u00aa Regi\u00e3o (Rio Grande do Sul)<\/a><\/p>\n\n\n\n<p><a target=\"_blank\" href=\"http:\/\/www.trf5.gov.br\/\" rel=\"noreferrer noopener\">5\u00aa Regi\u00e3o (Pernambuco)<\/a><\/p>\n\n\n\n<p><a target=\"_blank\" href=\"http:\/\/www.cjf.gov.br\/\/\" rel=\"noreferrer noopener\">Conselho da Justi\u00e7a Federal<\/a><br>&nbsp;<\/p>\n\n\n\n<h2 class=\"wp-block-heading\">Tribunais regionais do trabalho<\/h2>\n\n\n\n<p><a target=\"_blank\" href=\"http:\/\/www.trtrio.gov.br\/\" rel=\"noreferrer noopener\">1\u00aa Regi\u00e3o (Rio de Janeiro)<\/a><\/p>\n\n\n\n<p><a target=\"_blank\" href=\"http:\/\/www.trt2.gov.br\/menu.htm\/\" rel=\"noreferrer noopener\">2\u00aa Regi\u00e3o (S\u00e3o Paulo &#8211; SP)<\/a><\/p>\n\n\n\n<p><a target=\"_blank\" href=\"http:\/\/www.mg.trt.gov.br\/\" rel=\"noreferrer noopener\">3\u00aa Regi\u00e3o (Minas Gerais)<\/a><\/p>\n\n\n\n<p><a target=\"_blank\" href=\"http:\/\/www.trt4.gov.br\/\" rel=\"noreferrer noopener\">4\u00aa Regi\u00e3o (RSl)<\/a><\/p>\n\n\n\n<p><a target=\"_blank\" href=\"http:\/\/www.trt05.gov.br\/\" rel=\"noreferrer noopener\">5\u00aa Regi\u00e3o (Bahia)<\/a><\/p>\n\n\n\n<p><a target=\"_blank\" href=\"http:\/\/www.trt6.gov.br\/\" rel=\"noreferrer noopener\">6\u00aa Regi\u00e3o (Pernambuco)<\/a><\/p>\n\n\n\n<p><a target=\"_blank\" href=\"http:\/\/www.trt7.gov.br\/\" rel=\"noreferrer noopener\">7\u00aa Regi\u00e3o (Cear\u00e1)<\/a><\/p>\n\n\n\n<p><a target=\"_blank\" href=\"http:\/\/www.trt8.gov.br\/\" rel=\"noreferrer noopener\">8\u00aa Regi\u00e3o (Par\u00e1 e Amap\u00e1)<\/a><\/p>\n\n\n\n<p><a target=\"_blank\" href=\"http:\/\/www.trt9.gov.br\/\" rel=\"noreferrer noopener\">9\u00aa Regi\u00e3o (Paran\u00e1)<\/a><\/p>\n\n\n\n<p><a target=\"_blank\" href=\"http:\/\/www.trt10.gov.br\/\" rel=\"noreferrer noopener\">10\u00aa Regi\u00e3o (DFl e Tocantins)<\/a><\/p>\n\n\n\n<p><a target=\"_blank\" href=\"http:\/\/www.trt11.gov.br\/\" rel=\"noreferrer noopener\">11\u00aa Regi\u00e3o (Amazonas e Roraima)<\/a><\/p>\n\n\n\n<p><a target=\"_blank\" href=\"http:\/\/www.trt12.gov.br\/\" rel=\"noreferrer noopener\">12\u00aa Regi\u00e3o (Santa Catarina)<\/a><\/p>\n\n\n\n<p><a target=\"_blank\" href=\"http:\/\/www.trt13.gov.br\/\" rel=\"noreferrer noopener\">13\u00aa Regi\u00e3o (Para\u00edba)<\/a><\/p>\n\n\n\n<p><a target=\"_blank\" href=\"http:\/\/www.trt14.gov.br\/\" rel=\"noreferrer noopener\">14\u00aa Regi\u00e3o (Acre e Rond\u00f4nia)<\/a><\/p>\n\n\n\n<p><a target=\"_blank\" href=\"http:\/\/www.trt15.gov.br\/\" rel=\"noreferrer noopener\">15\u00aa Regi\u00e3o (Campinas &#8211; SP)<\/a><\/p>\n\n\n\n<p><a target=\"_blank\" href=\"http:\/\/www.trt16.gov.br\/\" rel=\"noreferrer noopener\">16\u00aa Regi\u00e3o (Maranh\u00e3o)<\/a><\/p>\n\n\n\n<p><a target=\"_blank\" href=\"http:\/\/www.trt17.gov.br\/\" rel=\"noreferrer noopener\">17\u00aa Regi\u00e3o (Esp\u00edrito Santo)<\/a><\/p>\n\n\n\n<p><a target=\"_blank\" href=\"http:\/\/www.trt18.gov.br\/\" rel=\"noreferrer noopener\">18\u00aa Regi\u00e3o (Goi\u00e1s)<\/a><\/p>\n\n\n\n<p><a target=\"_blank\" href=\"http:\/\/www.trt19.gov.br\/\" rel=\"noreferrer noopener\">19\u00aa Regi\u00e3o (Alagoas)<\/a><\/p>\n\n\n\n<p><a target=\"_blank\" href=\"http:\/\/www.trt20.gov.br\/\" rel=\"noreferrer noopener\">20\u00aa Regi\u00e3o (Sergipe)<\/a><\/p>\n\n\n\n<p><a target=\"_blank\" href=\"http:\/\/www.trt21.gov.br\/\" rel=\"noreferrer noopener\">21\u00aa Regi\u00e3o (Rio G. do Norte)<\/a><\/p>\n\n\n\n<p><a target=\"_blank\" href=\"http:\/\/www.trt22.gov.br\/\" rel=\"noreferrer noopener\">22\u00aa Regi\u00e3o (Piau\u00ed)<\/a><\/p>\n\n\n\n<p><a target=\"_blank\" href=\"http:\/\/www.trt23.gov.br\/\" rel=\"noreferrer noopener\">23\u00aa Regi\u00e3o (Mato Grosso)<\/a><\/p>\n\n\n\n<p><a target=\"_blank\" href=\"http:\/\/www.trt24.gov.br\/\" rel=\"noreferrer noopener\">24\u00aa Regi\u00e3o (Mato Grosso do Sul)<\/a><br>&nbsp;<\/p>\n\n\n\n<h2 class=\"wp-block-heading\">Tribunais de Justi\u00e7a<\/h2>\n\n\n\n<p><a target=\"_blank\" href=\"http:\/\/www.tj.al.gov.br\/\" rel=\"noreferrer noopener\">Alagoas<\/a><\/p>\n\n\n\n<p><a target=\"_blank\" href=\"http:\/\/www.tj.ac.gov.br\/\" rel=\"noreferrer noopener\">Acre<\/a><\/p>\n\n\n\n<p><a target=\"_blank\" href=\"http:\/\/www.tjap.gov.br\/\" rel=\"noreferrer noopener\">Amap\u00e1<\/a><\/p>\n\n\n\n<p><a target=\"_blank\" href=\"http:\/\/www.tj.ba.gov.br\/tribunal.htm\" rel=\"noreferrer noopener\">Bahia<\/a><\/p>\n\n\n\n<p><a target=\"_blank\" href=\"http:\/\/www.tj.es.gov.br\/\" rel=\"noreferrer noopener\">Esp\u00edrito Santo<\/a><\/p>\n\n\n\n<p><a target=\"_blank\" href=\"http:\/\/www.tj.go.gov.br\/\" rel=\"noreferrer noopener\">Goi\u00e1s<\/a><\/p>\n\n\n\n<p><a target=\"_blank\" href=\"http:\/\/www.tj.ma.gov.br\/\" rel=\"noreferrer noopener\">Maranh\u00e3o<\/a><\/p>\n\n\n\n<p><a target=\"_blank\" href=\"http:\/\/www.tj.mt.gov.br\/\" rel=\"noreferrer noopener\">Mato Grosso<\/a><\/p>\n\n\n\n<p><a target=\"_blank\" href=\"http:\/\/www.tj.ms.gov.br\/\" rel=\"noreferrer noopener\">Mato Grosso do Sul<\/a><\/p>\n\n\n\n<p><a target=\"_blank\" href=\"http:\/\/www.tj.pb.gov.br\/\" rel=\"noreferrer noopener\">Para\u00edba<\/a><\/p>\n\n\n\n<p><a target=\"_blank\" href=\"http:\/\/www.pr.gov.br\/tjpr\/\" rel=\"noreferrer noopener\">Paran\u00e1<\/a><\/p>\n\n\n\n<p><a target=\"_blank\" href=\"http:\/\/www.tjpe.gov.br\/\" rel=\"noreferrer noopener\">Pernambuco<\/a><\/p>\n\n\n\n<p><a target=\"_blank\" href=\"http:\/\/www.tjmg.gov.br\/\" rel=\"noreferrer noopener\">Minas Gerais<\/a><\/p>\n\n\n\n<p><a target=\"_blank\" href=\"http:\/\/www.tj.pi.gov.br\/\" rel=\"noreferrer noopener\">Piau\u00ed<\/a><\/p>\n\n\n\n<p><a target=\"_blank\" href=\"http:\/\/www.tj.ro.gov.br\/\" rel=\"noreferrer noopener\">Rond\u00f4nia<\/a><\/p>\n\n\n\n<p><a target=\"_blank\" href=\"http:\/\/www.tj.rr.gov.br\/\" rel=\"noreferrer noopener\">Roraima<\/a><\/p>\n\n\n\n<p><a href=\"http:\/\/www.tjsc.jus.br\/\" target=\"_blank\" rel=\"noreferrer noopener\" aria-label=\" (abre em uma nova aba)\">Santa Catarina<\/a><\/p>\n\n\n\n<p><a target=\"_blank\" href=\"http:\/\/www.tj.sp.gov.br\/\" rel=\"noreferrer noopener\">S\u00e3o Paulo<\/a><\/p>\n\n\n\n<p><a target=\"_blank\" href=\"http:\/\/www.tj.se.gov.br\/\" rel=\"noreferrer noopener\">Sergipe<\/a><\/p>\n\n\n\n<p><a target=\"_blank\" href=\"http:\/\/www.tjdf.gov.br\/\" rel=\"noreferrer noopener\">Distrito Federal<\/a><\/p>\n\n\n\n<p><a target=\"_blank\" href=\"http:\/\/www.tj.pa.gov.br\/\" rel=\"noreferrer noopener\">Par\u00e1<\/a><\/p>\n\n\n\n<p><a target=\"_blank\" href=\"http:\/\/www.tj.rj.gov.br\/\" rel=\"noreferrer noopener\">Rio de Janeiro<\/a><\/p>\n\n\n\n<p><a target=\"_blank\" href=\"http:\/\/www.tj.ce.gov.br\/\" rel=\"noreferrer noopener\">Cear\u00e1<\/a><\/p>\n\n\n\n<p><a target=\"_blank\" href=\"http:\/\/www.tj.rs.gov.br\/home.htm\" rel=\"noreferrer noopener\">Rio Grande do Sul<\/a><\/p>\n\n\n\n<p><a target=\"_blank\" href=\"http:\/\/www.tj.to.gov.br\/\" rel=\"noreferrer noopener\">Tocantins<\/a><br>&nbsp;<\/p>\n\n\n\n<h2 class=\"wp-block-heading\">Tribunais de al\u00e7ada<\/h2>\n\n\n\n<p><a target=\"_blank\" href=\"http:\/\/www.ta.mg.gov.br\/\" rel=\"noreferrer noopener\">1\u00ba Tribunal de Al\u00e7ada Civil de Minas Gerais<\/a><\/p>\n\n\n\n<p><a target=\"_blank\" href=\"http:\/\/www.ta.mg.gov.br\/\" rel=\"noreferrer noopener\">1\u00ba Tribunal de Al\u00e7ada Civil de S\u00e3o Paulo<\/a><\/p>\n\n\n\n<p><a target=\"_blank\" href=\"http:\/\/www.ta.pr.gov.br\/\" rel=\"noreferrer noopener\">1\u00ba Tribunal de Al\u00e7ada Civil do Paran\u00e1<\/a><\/p>\n\n\n\n<p><a target=\"_blank\" href=\"http:\/\/www.stac.sp.gov.br\/\" rel=\"noreferrer noopener\">2\u00ba Tribunal de Al\u00e7ada Civil de S\u00e3o Paulo<\/a><br>&nbsp;<\/p>\n\n\n\n<h2 class=\"wp-block-heading\">Tribunal de contas<\/h2>\n\n\n\n<p><a target=\"_blank\" href=\"http:\/\/www.tcu.gov.br\/\" rel=\"noreferrer noopener\">Tribunal de Contas da Uni\u00e3o<\/a><\/p>\n\n\n\n<p><a target=\"_blank\" href=\"http:\/\/www.tce.sc.gov.br\/\" rel=\"noreferrer noopener\">Tribunal de Contas do Estado de Santa Catarina<\/a><br>&nbsp;<\/p>\n\n\n\n<h2 class=\"wp-block-heading\">Bases de dados diversas<\/h2>\n\n\n\n<p><a target=\"_blank\" href=\"http:\/\/www.mj.gov.br\/sistemas\/cartorio\/Selectuf.asp\" rel=\"noreferrer noopener\">Cadastro de Cart\u00f3rios do Brasil<\/a><\/p>\n\n\n\n<p><a target=\"_blank\" href=\"http:\/\/www.iaccess.com.br\/~nferraz\/penas.html\" rel=\"noreferrer noopener\">C\u00e1lculo de penas criminais<\/a><\/p>\n\n\n\n<p><a target=\"_blank\" href=\"http:\/\/www.correios.com.br\/servicos\/cep\/default.cfm\" rel=\"noreferrer noopener\">CEPs do Brasil<\/a><br>&nbsp;<\/p>\n\n\n\n<h2 class=\"wp-block-heading\">\u00d3rg\u00e3os diversos<\/h2>\n\n\n\n<p><a target=\"_blank\" href=\"http:\/\/www.oab.org.br\/\" rel=\"noreferrer noopener\">OAB &#8211; Conselho Federal<\/a><\/p>\n\n\n\n<p><a target=\"_blank\" href=\"http:\/\/www.oab-df.com.br\/\" rel=\"noreferrer noopener\">OAB &#8211; Santa Catarina<\/a><\/p>\n\n\n\n<p><a href=\"http:\/\/www.caasc.com.br\">CAASC &#8211; Caixa de Assist\u00eancia dos Advogados de Santa Catarina<\/a><\/p>\n\n\n\n<p><a target=\"_blank\" href=\"http:\/\/www.oabsp.org.br\/esa\" rel=\"noreferrer noopener\">Escola Superior de Advocacia<\/a><\/p>\n\n\n\n<p><a target=\"_blank\" href=\"http:\/\/www.cesa.org.br\/\" rel=\"noreferrer noopener\">CESA &#8211; Centro de Estudos das Sociedades de Advogados<\/a><\/p>\n\n\n\n<p><a href=\"http:\/\/www.amc.org.br\">Associa\u00e7\u00e3o dos Magistrados Catarinenses &#8211; AMC<\/a><\/p>\n\n\n\n<p><a target=\"_blank\" href=\"http:\/\/www.amb.com.br\/\" rel=\"noreferrer noopener\">Associa\u00e7\u00e3o dos Magistrados Brasileiros &#8211; AMB<\/a><\/p>\n\n\n\n<p><a target=\"_blank\" href=\"http:\/\/www.solar.com.br\/~amatra\" rel=\"noreferrer noopener\">Associa\u00e7\u00e3o dos Magistrados da Justi\u00e7a do Trabalho<\/a><\/p>\n\n\n\n<p><a target=\"_blank\" href=\"http:\/\/www.amcham.com.br\/\" rel=\"noreferrer noopener\">C\u00e2mara Americana de Com\u00e9rcio<\/a><\/p>\n\n\n\n<p><a target=\"_blank\" href=\"http:\/\/www.ibpinet.com.br\/iab\" rel=\"noreferrer noopener\">Instituto dos Advogados do Brasil &#8211; IAB<\/a><\/p>\n\n\n\n<p><a target=\"_blank\" href=\"http:\/\/www.ibdd.com.br\/\" rel=\"noreferrer noopener\">Instituto Brasileiro de Direito Desportivo<\/a><br>&nbsp;<\/p>\n\n\n\n<h2 class=\"wp-block-heading\">Certid\u00f5es<\/h2>\n\n\n\n<p><a target=\"_blank\" href=\"http:\/\/www.pgfn.fazenda.gov.br\/serpro\/certidao\" rel=\"noreferrer noopener\">Certid\u00e3o quanto \u00e0&nbsp; D\u00edvida Ativa da Uni\u00e3o (Procuradoria Geral da Fazenda Nacional)<\/a><\/p>\n\n\n\n<p><a target=\"_blank\" href=\"http:\/\/www.receita.fazenda.gov.br\/certidao\/default.htm\" rel=\"noreferrer noopener\">Certid\u00e3o Negativa de D\u00e9bitos de Tributos e Contribui\u00e7\u00f5es Federais (Secretaria da Receita Federal)<\/a><\/p>\n\n\n\n<p><a target=\"_blank\" href=\"http:\/\/www0.dataprev.gov.br:8080\/cnd\/cndped.html\" rel=\"noreferrer noopener\">Certid\u00e3o Negativa e Positiva de D\u00e9bitos (Minist\u00e9rio da Previd\u00eancia Social)<\/a><br>&nbsp;<\/p>\n\n\n\n<h2 class=\"wp-block-heading\">Publica\u00e7\u00f5es jur\u00eddicas online<\/h2>\n\n\n\n<p><a target=\"_blank\" href=\"http:\/\/www.aasp.org.br\/frbol.asp\" rel=\"noreferrer noopener\">Boletim AASP<\/a><\/p>\n\n\n\n<p><a href=\"http:\/\/www.jusbrasil.com.br\">JusBrasil<\/a><\/p>\n\n\n\n<p><a target=\"_blank\" href=\"http:\/\/www.cjf.gov.br\/bvirtual\/index.html\" rel=\"noreferrer noopener\">Biblioteca Jur\u00eddica Virtual<\/a><\/p>\n\n\n\n<p><a target=\"_blank\" href=\"http:\/\/cf6.uol.com.br\/consultor\/index.cfm\" rel=\"noreferrer noopener\">Consultor Jur\u00eddico (Universo Online)<\/a><\/p>\n\n\n\n<p><a target=\"_blank\" href=\"http:\/\/www.emporiodosaber.com.br\/\" rel=\"noreferrer noopener\">Emp\u00f3rio do Saber<\/a><\/p>\n\n\n\n<p><a target=\"_blank\" href=\"http:\/\/www.fiscosoft.com.br\/\" rel=\"noreferrer noopener\">FISCOSoft On Line<\/a><\/p>\n\n\n\n<p><a target=\"_blank\" href=\"http:\/\/www.jurid.com.br\/\" rel=\"noreferrer noopener\">JURID Publica\u00e7\u00f5es Eletr\u00f4nicas<\/a><\/p>\n\n\n\n<p><a target=\"_blank\" href=\"http:\/\/www.jus.com.br\/\" rel=\"noreferrer noopener\">Jus Navigandi<\/a><\/p>\n\n\n\n<p><a target=\"_blank\" href=\"http:\/\/www.jurinforma.com.br\/\" rel=\"noreferrer noopener\">Jurinforma<\/a><\/p>\n\n\n\n<p><a target=\"_blank\" href=\"http:\/\/www.neofito.com.br\/\" rel=\"noreferrer noopener\">Ne\u00f3fito Informativo Jur\u00eddico<\/a><\/p>\n\n\n\n<p><a target=\"_blank\" href=\"http:\/\/www.rivera.com.br\/\" rel=\"noreferrer noopener\">Publica\u00e7\u00f5es Rivera<\/a><\/p>\n\n\n\n<p><a target=\"_blank\" href=\"http:\/\/www.datavenia.inf.br\/\" rel=\"noreferrer noopener\">Revista Jur\u00eddica Dataveni@<\/a><\/p>\n\n\n\n<p><a target=\"_blank\" href=\"http:\/\/www.travelnet.com.br\/juridica\" rel=\"noreferrer noopener\">Revista Jur\u00eddica Travelnet<\/a><\/p>\n\n\n\n<p><a target=\"_blank\" href=\"http:\/\/www.teiajuridica.com\/\" rel=\"noreferrer noopener\">Revista Teia Jur\u00eddica<\/a><\/p>\n\n\n\n<p><a target=\"_blank\" href=\"http:\/\/zup.com.br\/sinopse\/\" rel=\"noreferrer noopener\">Sinopse Empresarial<\/a><br>&nbsp;<\/p>\n\n\n\n<h2 class=\"wp-block-heading\">Jornais<\/h2>\n\n\n\n<p><a target=\"_blank\" href=\"http:\/\/noticias.bol.com.br\/cacanoticias.html\" rel=\"noreferrer noopener\">Ca\u00e7a-Not\u00edcias Brasil Online<\/a><\/p>\n\n\n\n<p><a target=\"_blank\" href=\"http:\/\/www.stf.gov.br\/\" rel=\"noreferrer noopener\">Di\u00e1rio da Justi\u00e7a do Supremo Tribunal Federal<\/a><\/p>\n\n\n\n<p><a target=\"_blank\" href=\"http:\/\/www.imesp.com.br\/link.htm\" rel=\"noreferrer noopener\">Di\u00e1rios Oficiais do Brasil na Internet (Governo do Estado de S\u00e3o Paulo)<\/a><\/p>\n\n\n\n<p><a target=\"_blank\" href=\"http:\/\/www.correioweb.com.br\" rel=\"noreferrer noopener\">Correio Braziliense (Bras\u00edlia &#8211; DF)<\/a><\/p>\n\n\n\n<p><a target=\"_blank\" href=\"http:\/\/www.pernambuco.com\/diario\/index.html\" rel=\"noreferrer noopener\">Di\u00e1rio de Pernambuco (Recife &#8211; PE)<\/a><\/p>\n\n\n\n<p><a target=\"_blank\" href=\"http:\/\/www.estaminas.com.br\/\" rel=\"noreferrer noopener\">Estado de Minas (Belo Horizonte &#8211; MG)<\/a><\/p>\n\n\n\n<p><a target=\"_blank\" href=\"http:\/\/www.gazeta.com.br\/\" rel=\"noreferrer noopener\">Gazeta Mercantil &#8211; (S\u00e3o Paulo-SP)<\/a><\/p>\n\n\n\n<p><a target=\"_blank\" href=\"http:\/\/www.jb.com.br\/\" rel=\"noreferrer noopener\">Jornal do Brasil (Rio de Janeiro &#8211; RJ)<\/a><\/p>\n\n\n\n<p><a target=\"_blank\" href=\"http:\/\/www.estado.com.br\/\" rel=\"noreferrer noopener\">O Estado de S\u00e3o Paulo (S\u00e3o Paulo &#8211; SP)<\/a><\/p>\n\n\n\n<p><a target=\"_blank\" href=\"http:\/\/www.oglobo.com.br\/\" rel=\"noreferrer noopener\">O Globo (Rio de Janeiro &#8211; RJ)<\/a><\/p>\n\n\n\n<p><a target=\"_blank\" href=\"http:\/\/www.opopular.com.br\/\" rel=\"noreferrer noopener\">O Popular On-line (Goi\u00e2nia &#8211; GO)<\/a><\/p>\n\n\n\n<p><a target=\"_blank\" href=\"http:\/\/www.opovo.com.br\/\" rel=\"noreferrer noopener\">O Povo On-line (Fortaleza &#8211; CE)<\/a><\/p>\n\n\n\n<p><a target=\"_blank\" href=\"http:\/\/www.tribunadodireito.com.br\/\" rel=\"noreferrer noopener\">Tribuna do Direito<\/a><\/p>\n\n\n\n<p><a target=\"_blank\" href=\"http:\/\/www.zh.com.br\/\" rel=\"noreferrer noopener\">Zero Hora Digital (Porto Alegre &#8211; RS)<\/a><br>&nbsp;<\/p>\n\n\n\n<h2 class=\"wp-block-heading\">\u00d3rg\u00e3os governamentais<\/h2>\n\n\n\n<p><a target=\"_blank\" href=\"http:\/\/www.anatel.gov.br\/\" rel=\"noreferrer noopener\">ANATEL &#8211; Ag\u00eancia Nacional de Telecomunica\u00e7\u00f5es<\/a><\/p>\n\n\n\n<p><a target=\"_blank\" href=\"http:\/\/www.aneel.gov.br\/\" rel=\"noreferrer noopener\">ANEEL &#8211; Ag\u00eancia Nacional de Energia El\u00e9trica<\/a><\/p>\n\n\n\n<p><a target=\"_blank\" href=\"http:\/\/www.alesc.sc.gov.br\/\" rel=\"noreferrer noopener\">Assembl\u00e9ia Legislativa do Estado de Santa Catarina<\/a><\/p>\n\n\n\n<p><a target=\"_blank\" href=\"http:\/\/www.bcb.gov.br\/\" rel=\"noreferrer noopener\">Banco Central<\/a><\/p>\n\n\n\n<p><a target=\"_blank\" href=\"http:\/\/www.bancodobrasil.com.br\/\" rel=\"noreferrer noopener\">Banco do Brasil<\/a><\/p>\n\n\n\n<p><a target=\"_blank\" href=\"http:\/\/www.mj.gov.br\/cade\" rel=\"noreferrer noopener\">CADE &#8211; Conselho Administrativo de Defesa Econ\u00f4mica<\/a><\/p>\n\n\n\n<p><a target=\"_blank\" href=\"http:\/\/www.cef.gov.br\/\" rel=\"noreferrer noopener\">Caixa Econ\u00f4mica Federal<\/a><\/p>\n\n\n\n<p><a target=\"_blank\" href=\"http:\/\/www.interlegis.gov.br\/\" rel=\"noreferrer noopener\">Comunidade Virtual do Poder Legislativo Federal<\/a><\/p>\n\n\n\n<p><a target=\"_blank\" href=\"http:\/\/www.cvm.gov.br\/\" rel=\"noreferrer noopener\">CVM &#8211; Comiss\u00e3o de Valores Mobili\u00e1rios<\/a><\/p>\n\n\n\n<p><a target=\"_blank\" href=\"http:\/\/www.brasil.gov.br\/\" rel=\"noreferrer noopener\">Governo do Brasil (Tr\u00eas Poderes)<\/a><\/p>\n\n\n\n<p><a target=\"_blank\" href=\"http:\/\/www.sc.gov.br\/\" rel=\"noreferrer noopener\">Governo de Santa Catarina<\/a><\/p>\n\n\n\n<p><a target=\"_blank\" href=\"http:\/\/www.ibama.gov.br\/\" rel=\"noreferrer noopener\">IBAMA &#8211; Instituto Brasileiro do Meio Ambiente<\/a><\/p>\n\n\n\n<p><a target=\"_blank\" href=\"http:\/\/www.ibge.gov.br\/\" rel=\"noreferrer noopener\">IBGE &#8211; Instituto Brasileiro de Geografia e Estat\u00edstica<\/a><\/p>\n\n\n\n<p><a target=\"_blank\" href=\"http:\/\/www.uol.com.br\/idec\" rel=\"noreferrer noopener\">IDEC &#8211; Instituto Brasileiro de Defesa do Consumidor<\/a><\/p>\n\n\n\n<p><a target=\"_blank\" href=\"http:\/\/www.inpi.gov.br\/\" rel=\"noreferrer noopener\">INPI &#8211; Instituto Nacional de Propriedade Industrial<\/a><\/p>\n\n\n\n<p><a target=\"_blank\" href=\"http:\/\/www.mp.sc.gov.br\/\" rel=\"noreferrer noopener\">Minist\u00e9rio P\u00fablico do Estado de Santa Catarina<\/a><\/p>\n\n\n\n<p><a target=\"_blank\" href=\"http:\/\/www.saomiguel.sc.gov.br\/\" rel=\"noreferrer noopener\">Prefeitura do Munic\u00edpio de S\u00e3o Miguel do Oeste<\/a><\/p>\n\n\n\n<p><a target=\"_blank\" href=\"http:\/\/www.pgr.mpf.gov.br\/\" rel=\"noreferrer noopener\">Procuradoria Geral da Rep\u00fablica<\/a><\/p>\n\n\n\n<p><a target=\"_blank\" href=\"http:\/\/www.pgfn.fazenda.gov.br\/\" rel=\"noreferrer noopener\">Procuradoria Geral da Fazenda Nacional<\/a><\/p>\n\n\n\n<p><a target=\"_blank\" href=\"http:\/\/www.prr1.mpf.gov.br\/\" rel=\"noreferrer noopener\">Procuradoria Reg. da Rep\u00fablica &#8211; 1\u00aa Regi\u00e3o (DF)<\/a><\/p>\n\n\n\n<p><a target=\"_blank\" href=\"http:\/\/www.prr2.mpf.gov.br\/\" rel=\"noreferrer noopener\">Procuradoria Reg. da Rep\u00fablica &#8211; 2\u00aa Regi\u00e3o (RJ)<\/a><\/p>\n\n\n\n<p><a target=\"_blank\" href=\"http:\/\/www.prr3.mpf.gov.br\/\" rel=\"noreferrer noopener\">Procuradoria Reg. da Rep\u00fablica &#8211; 3\u00aa Regi\u00e3o (SP)<\/a><\/p>\n\n\n\n<p><a target=\"_blank\" href=\"http:\/\/www.prr4.mpf.gov.br\/\" rel=\"noreferrer noopener\">Procuradoria Reg. da Rep\u00fablica &#8211; 4\u00aa Regi\u00e3o (RS)<\/a><\/p>\n\n\n\n<p><a target=\"_blank\" href=\"http:\/\/www.pop-pe.rnp.br\/prr5r\/\" rel=\"noreferrer noopener\">Procuradoria Reg.l da Rep\u00fablica &#8211; 5\u00aa Regi\u00e3o (PE)<\/a><\/p>\n\n\n\n<p><a target=\"_blank\" href=\"http:\/\/www.prt12.mpt.gov.br\/\" rel=\"noreferrer noopener\">Procuradoria Regional do Trabalho da 12\u00aa Regi\u00e3o<\/a><\/p>\n\n\n\n<p><a target=\"_blank\" href=\"http:\/\/www.pge.sc.gov.br\/\" rel=\"noreferrer noopener\">Procuradoria Geral do Estado Santa Catarina<\/a><\/p>\n\n\n\n<p><a target=\"_blank\" href=\"http:\/\/www.pgt.mpt.gov.br\/\" rel=\"noreferrer noopener\">Procuradoria Geral do Trabalho<\/a><\/p>\n\n\n\n<p><a target=\"_blank\" href=\"http:\/\/www.sef.sc.gov.br\/\" rel=\"noreferrer noopener\">Secretaria da Fazenda do Estado de Santa Catarina<\/a><\/p>\n\n\n\n<p><a target=\"_blank\" href=\"hhttp:\/\/www.receita.fazenda.gov.br\/\" rel=\"noreferrer noopener\">Secretaria da Receita Federal<\/a><\/p>\n","protected":false},"excerpt":{"rendered":"<p>Tribunais Superiores Supremo Tribunal Federal &#8211; STF Superior Tribunal Militar &#8211; STM Superior Tribunal de Justi\u00e7a &#8211; STJ Tribunal Superior do Trabalho &#8211; TST Tribunal &hellip;<\/p>\n","protected":false},"author":1,"featured_media":0,"parent":0,"menu_order":0,"comment_status":"closed","ping_status":"closed","template":"","meta":{"footnotes":""},"_links":{"self":[{"href":"https:\/\/nienowadvogados.com.br\/index.php\/wp-json\/wp\/v2\/pages\/98"}],"collection":[{"href":"https:\/\/nienowadvogados.com.br\/index.php\/wp-json\/wp\/v2\/pages"}],"about":[{"href":"https:\/\/nienowadvogados.com.br\/index.php\/wp-json\/wp\/v2\/types\/page"}],"author":[{"embeddable":true,"href":"https:\/\/nienowadvogados.com.br\/index.php\/wp-json\/wp\/v2\/users\/1"}],"replies":[{"embeddable":true,"href":"https:\/\/nienowadvogados.com.br\/index.php\/wp-json\/wp\/v2\/comments?post=98"}],"version-history":[{"count":3,"href":"https:\/\/nienowadvogados.com.br\/index.php\/wp-json\/wp\/v2\/pages\/98\/revisions"}],"predecessor-version":[{"id":273,"href":"https:\/\/nienowadvogados.com.br\/index.php\/wp-json\/wp\/v2\/pages\/98\/revisions\/273"}],"wp:attachment":[{"href":"https:\/\/nienowadvogados.com.br\/index.php\/wp-json\/wp\/v2\/media?parent=98"}],"curies":[{"name":"wp","href":"https:\/\/api.w.org\/{rel}","templated":true}]}}