{"id":97,"date":"2018-12-30T23:13:57","date_gmt":"2018-12-31T01:13:57","guid":{"rendered":"http:\/\/newsjur.nienowadvogados.com.br\/?page_id=97"},"modified":"2020-10-13T20:45:02","modified_gmt":"2020-10-13T23:45:02","slug":"socios","status":"publish","type":"page","link":"https:\/\/nienowadvogados.com.br\/index.php\/socios\/","title":{"rendered":"S\u00f3cios"},"content":{"rendered":"\n<p>NIENOW ADVOGADOS ASSOCIADOS tem como s\u00f3cios fundadores os seguintes profissionais:<\/p>\n\n\n\n<div class=\"wp-block-columns is-layout-flex wp-container-core-columns-layout-1 wp-block-columns-is-layout-flex\">\n<div class=\"wp-block-column is-layout-flow wp-block-column-is-layout-flow\">\n<figure class=\"wp-block-image size-large\"><img decoding=\"async\" src=\"https:\/\/newsjur.nienowadvogados.com.br\/wp-content\/uploads\/2020\/10\/rafa8.1.jpg\" alt=\"\" class=\"wp-image-450\"\/><\/figure>\n\n\n\n<h2 class=\"wp-block-heading\"><strong>Rafael Nienow<\/strong><\/h2>\n\n\n\n<blockquote class=\"wp-block-quote\"><p><em>Graduado pela Universidade do Oeste de Santa Catarina no ano de 2003, com aprova\u00e7\u00e3o imediata no exame de sufici\u00eancia da Ordem dos Advogados do Brasil. P\u00f3s Graduado em Direito Constitucional pela UNOESC\/ESMESC e em Direito Tribut\u00e1rio pela Faculdade Anhanguera. Diretor Jur\u00eddico da Associa\u00e7\u00e3o Empresarial de S\u00e3o Miguel do Oeste\/SC. Membro do Tribunal de \u00c9tica e Disciplina da OAB\/SC por 3 mandatos. Professor universit\u00e1rio com dedica\u00e7\u00e3o \u00e0s disciplinas de Direito Empresarial, Direito Tribut\u00e1rio, Direito Civil e Direito Associativo.<\/em><\/p><\/blockquote>\n<\/div>\n\n\n\n<div class=\"wp-block-column is-layout-flow wp-block-column-is-layout-flow\">\n<figure class=\"wp-block-image\"><img decoding=\"async\" src=\"http:\/\/newsjur.nienowadvogados.com.br\/wp-content\/uploads\/2018\/12\/LOGOMARCA-PNG-300x297.png\" alt=\"\"\/><\/figure>\n\n\n\n<h2 class=\"wp-block-heading\"><strong>Su\u00e9len T. P. Nienow<\/strong><\/h2>\n\n\n\n<blockquote class=\"wp-block-quote\"><p><em>Graduada pela Universidade do Oeste de Santa Catarina no ano de 2009 com l\u00e1ureas por melhor desempenho geral, aprova\u00e7\u00e3o imediata no exame de sufici\u00eancia da Ordem dos Advogados do Brasil. P\u00f3s Graduada em Direito Civil e Processo Civil pela UNOESC e em Direito do Trabalho e Processo do Trabalho pela Faculdade Anhanguera. Conselheira da subse\u00e7\u00e3o de S\u00e3o Miguel do Oeste\/SC da OAB<\/em>.<\/p><\/blockquote>\n<\/div>\n<\/div>\n\n\n\n<p><\/p>\n\n\n<p>Os advogados s\u00f3cios atuam pessoalmente na gest\u00e3o do escrit\u00f3rio, envolvendo-se diariamente com o atendimento \u00e0s demandas, supervis\u00e3o da produ\u00e7\u00e3o t\u00e9cnica e comandando os demais profissionais componentes do quadro, entre eles associados, equipe administrativa e de assessoramento t\u00e9cnico.<\/p>\n<p>Al\u00e9m disso, NIENOW ADVOGADOS ASSOCIADOS conta com uma rede de profissionais parceiros nas mais diversas \u00e1reas do conhecimento, tais como profissionais cont\u00e1beis, seguran\u00e7a do trabalho, engenharia, gest\u00e3o administrativa, recrutamento e recursos humanos, tecnologia e seguran\u00e7a da informa\u00e7\u00e3o, al\u00e9m de seletos parceiros jur\u00eddicos especialistas em suas \u00e1reas de atua\u00e7\u00e3o.<\/p>","protected":false},"excerpt":{"rendered":"<p>NIENOW ADVOGADOS ASSOCIADOS tem como s\u00f3cios fundadores os seguintes profissionais: Rafael Nienow Graduado pela Universidade do Oeste de Santa Catarina no ano de 2003, com &hellip;<\/p>\n","protected":false},"author":1,"featured_media":0,"parent":0,"menu_order":0,"comment_status":"closed","ping_status":"closed","template":"","meta":{"footnotes":""},"_links":{"self":[{"href":"https:\/\/nienowadvogados.com.br\/index.php\/wp-json\/wp\/v2\/pages\/97"}],"collection":[{"href":"https:\/\/nienowadvogados.com.br\/index.php\/wp-json\/wp\/v2\/pages"}],"about":[{"href":"https:\/\/nienowadvogados.com.br\/index.php\/wp-json\/wp\/v2\/types\/page"}],"author":[{"embeddable":true,"href":"https:\/\/nienowadvogados.com.br\/index.php\/wp-json\/wp\/v2\/users\/1"}],"replies":[{"embeddable":true,"href":"https:\/\/nienowadvogados.com.br\/index.php\/wp-json\/wp\/v2\/comments?post=97"}],"version-history":[{"count":16,"href":"https:\/\/nienowadvogados.com.br\/index.php\/wp-json\/wp\/v2\/pages\/97\/revisions"}],"predecessor-version":[{"id":451,"href":"https:\/\/nienowadvogados.com.br\/index.php\/wp-json\/wp\/v2\/pages\/97\/revisions\/451"}],"wp:attachment":[{"href":"https:\/\/nienowadvogados.com.br\/index.php\/wp-json\/wp\/v2\/media?parent=97"}],"curies":[{"name":"wp","href":"https:\/\/api.w.org\/{rel}","templated":true}]}}