{"id":95,"date":"2018-12-30T23:13:57","date_gmt":"2018-12-31T01:13:57","guid":{"rendered":"http:\/\/newsjur.nienowadvogados.com.br\/?page_id=95"},"modified":"2019-01-21T21:15:50","modified_gmt":"2019-01-21T23:15:50","slug":"atuacao","status":"publish","type":"page","link":"https:\/\/nienowadvogados.com.br\/index.php\/atuacao\/","title":{"rendered":"Atua\u00e7\u00e3o"},"content":{"rendered":"<p><\/p>\n\n\n<\/p>\n<h5>Os servi\u00e7os prestados por NIENOW ADVOGADOS ASSOCIADOS v\u00e3o muito al\u00e9m da advocacia forense.<br \/><br \/><\/h5>\n<h5>Somos notabilizados pela atua\u00e7\u00e3o extrajudicial, no aconselhamento pr\u00e9vio, estrutura\u00e7\u00e3o e acompanhamento do desenvolvimento do cliente, mediante participa\u00e7\u00e3o no planejamento e no dia-a-dia de seus neg\u00f3cios.<br \/><br \/><\/h5>\n<h5>Para tanto, apostamos na consultoria jur\u00eddica <em>in company<\/em>, como meio mais assertivo para a solu\u00e7\u00e3o de problemas, na forma preventiva.<br \/><br \/><\/h5>\n<h5>Mas nem por isso renunciamos de defender nossos clientes em demandas forenses, mediante emprego de esfor\u00e7o di\u00e1rio no acompanhamento e solu\u00e7\u00e3o das quest\u00f5es judiciais mais intrincadas poss\u00edveis.<\/h5>\n<h5><br \/>Nossa equipe de profissionais est\u00e1 habilitada e ostenta experi\u00eancia pr\u00e1tica e s\u00f3lida forma\u00e7\u00e3o para atendimento das necessidades de seus clientes nas seguintes \u00e1reas:<\/h5>\n<p>\n\n\n\n<\/p>\n<p>\n\n\n\n<\/p>\n<p>\n\n\n\n<\/p>\n<p>\n\n\n\n<p><\/p>\n","protected":false},"excerpt":{"rendered":"<p>Os servi\u00e7os prestados por NIENOW ADVOGADOS ASSOCIADOS v\u00e3o muito al\u00e9m da advocacia forense. Somos notabilizados pela atua\u00e7\u00e3o extrajudicial, no aconselhamento pr\u00e9vio, estrutura\u00e7\u00e3o e acompanhamento do &hellip;<\/p>\n","protected":false},"author":1,"featured_media":0,"parent":0,"menu_order":0,"comment_status":"closed","ping_status":"closed","template":"","meta":{"footnotes":""},"_links":{"self":[{"href":"https:\/\/nienowadvogados.com.br\/index.php\/wp-json\/wp\/v2\/pages\/95"}],"collection":[{"href":"https:\/\/nienowadvogados.com.br\/index.php\/wp-json\/wp\/v2\/pages"}],"about":[{"href":"https:\/\/nienowadvogados.com.br\/index.php\/wp-json\/wp\/v2\/types\/page"}],"author":[{"embeddable":true,"href":"https:\/\/nienowadvogados.com.br\/index.php\/wp-json\/wp\/v2\/users\/1"}],"replies":[{"embeddable":true,"href":"https:\/\/nienowadvogados.com.br\/index.php\/wp-json\/wp\/v2\/comments?post=95"}],"version-history":[{"count":14,"href":"https:\/\/nienowadvogados.com.br\/index.php\/wp-json\/wp\/v2\/pages\/95\/revisions"}],"predecessor-version":[{"id":300,"href":"https:\/\/nienowadvogados.com.br\/index.php\/wp-json\/wp\/v2\/pages\/95\/revisions\/300"}],"wp:attachment":[{"href":"https:\/\/nienowadvogados.com.br\/index.php\/wp-json\/wp\/v2\/media?parent=95"}],"curies":[{"name":"wp","href":"https:\/\/api.w.org\/{rel}","templated":true}]}}