{"id":94,"date":"2018-12-30T23:13:57","date_gmt":"2018-12-31T01:13:57","guid":{"rendered":"http:\/\/newsjur.nienowadvogados.com.br\/?page_id=94"},"modified":"2020-10-13T20:03:26","modified_gmt":"2020-10-13T23:03:26","slug":"institucional","status":"publish","type":"page","link":"https:\/\/nienowadvogados.com.br\/index.php\/institucional\/","title":{"rendered":"Institucional"},"content":{"rendered":"\n<p><strong>Nienow Advogados Associados<\/strong> \u00e9 um escrit\u00f3rio de atua\u00e7\u00e3o ampla, especializado em assuntos multidisciplinares, com especial dedica\u00e7\u00e3o ao assessoramento de empresas, em atividade de consultoria preventiva, orientativa e corretiva.<\/p>\n\n\n\n<p>Nossa atua\u00e7\u00e3o \u00e9 voltada ao apoio t\u00e9cnico especializado, com 16 anos de experi\u00eancia, na atua\u00e7\u00e3o em defesa de clientes dos mais diversos segmentos, incluindo grandes corpora\u00e7\u00f5es nacionais e multinacionais com atua\u00e7\u00e3o em territ\u00f3rio brasileiro.<\/p>\n\n\n\n<p>Para tanto, fazemos uso das mais atuais ferramentas de trabalho, pesquisa e atualiza\u00e7\u00e3o, garantindo agilidade, controle e qualidade nos servi\u00e7os prestados.<\/p>\n\n\n\n<p>O crescimento de nosso escrit\u00f3rio, ao longo dos anos, garantiu a defini\u00e7\u00e3o de uma cultura pr\u00f3pria, bem definida e conhecida de nossos clientes: A <em>simplicidade<\/em>, a <em>transpar\u00eancia<\/em>, a <em>lealdade <\/em>e a <em>clareza <\/em>no trato com o contratante.<\/p>\n\n\n\n<p>O escrit\u00f3rio representa clientes de diversos segmentos, sejam agroind\u00fastrias, ind\u00fastrias da alimenta\u00e7\u00e3o, do setor metalmec\u00e2nico, da constru\u00e7\u00e3o civil, empresas de servi\u00e7os financeiros, tecnologia, commodities, do ramo imobili\u00e1rio, profissionais da sa\u00fade e com\u00e9rcio em geral.<\/p>\n\n\n\n<p>Mantemos uma crescente rede de correspondentes em todos os locais de atua\u00e7\u00e3o, mediante firmes parcerias com profissionais de primeira linha, o que garante a presen\u00e7a e atua\u00e7\u00e3o <em>in loco <\/em>em favor dos assuntos que nos s\u00e3o confiados.<\/p>\n\n\n\n<p>Em decorr\u00eancia de sua atua\u00e7\u00e3o diversificada e da excel\u00eancia de seus profissionais, o escrit\u00f3rio \u00e9 capaz de prestar assist\u00eancia a clientes de qualquer setor econ\u00f4mico em todas as \u00e1reas do Direito, o que lhe permite desenvolver relacionamentos de confian\u00e7a m\u00fatua, tanto no dia-a-dia como em decis\u00f5es estrat\u00e9gicas, envolvendo quest\u00f5es legais sofisticadas, complexas ou tecnicamente desafiadoras\u200b.<\/p>\n\n\n\n<p>Atender o cliente de forma integral, observando todas as suas necessidades, na busca do resultado, mediante o emprego da melhor t\u00e9cnica poss\u00edvel, norteando-se pela \u00e9tica, lisura, respeito e efici\u00eancia. Esta \u00e9 a miss\u00e3o da&nbsp;<strong>NIENOW ADVOGADOS ASSOCIADOS<\/strong>.<\/p>\n\n\n\n<p>A execu\u00e7\u00e3o do servi\u00e7os advocat\u00edcios segue as determina\u00e7\u00f5es do artigo 20, do Regulamento Geral da OAB, sendo pol\u00edtica da&nbsp;<strong>NIENOW ADVOGADOS&nbsp;ASSOCIADOS<\/strong> o exerc\u00edcio da advocacia com dignidade e independ\u00eancia, observando a \u00e9tica, os deveres e prerrogativas profissionais e defesa da Constitui\u00e7\u00e3o, da ordem jur\u00eddica do Estado Democr\u00e1tico, os direitos humanos, a justi\u00e7a social, a boa aplica\u00e7\u00e3o das leis, a r\u00e1pida administra\u00e7\u00e3o da justi\u00e7a e o aperfei\u00e7oamento da cultura e das institui\u00e7\u00f5es jur\u00eddicas.<\/p>\n\n\n\n<h2 class=\"wp-block-heading\">MISS\u00c3O<\/h2>\n\n\n\n<p>Exercer uma advocacia altamente especializada, atrelada a um atendimento impec\u00e1vel ao cliente, proporcionando solu\u00e7\u00f5es exclusivas, modernas e criativas, sempre focado no resultado desejado.<\/p>\n\n\n\n<h2 class=\"wp-block-heading\">VIS\u00c3O<\/h2>\n\n\n\n<p>Ser reconhecido como uma firma jur\u00eddica da mais absoluta confian\u00e7a, outorgando ao cliente a certeza de receber o atendimento mais eficaz poss\u00edvel e pautado pela absoluta \u00e9tica.<\/p>\n\n\n\n<h2 class=\"wp-block-heading\">VALORES<\/h2>\n\n\n\n<p>\u00c9tica &#8211; Honestidade &#8211; Transpar\u00eancia &#8211; Confian\u00e7a &#8211; Respeito &#8211; Compet\u00eancia &#8211; Efici\u00eancia &#8211; Inova\u00e7\u00e3o<\/p>\n","protected":false},"excerpt":{"rendered":"<p>Nienow Advogados Associados \u00e9 um escrit\u00f3rio de atua\u00e7\u00e3o ampla, especializado em assuntos multidisciplinares, com especial dedica\u00e7\u00e3o ao assessoramento de empresas, em atividade de consultoria preventiva, &hellip;<\/p>\n","protected":false},"author":1,"featured_media":0,"parent":0,"menu_order":0,"comment_status":"closed","ping_status":"closed","template":"","meta":{"footnotes":""},"_links":{"self":[{"href":"https:\/\/nienowadvogados.com.br\/index.php\/wp-json\/wp\/v2\/pages\/94"}],"collection":[{"href":"https:\/\/nienowadvogados.com.br\/index.php\/wp-json\/wp\/v2\/pages"}],"about":[{"href":"https:\/\/nienowadvogados.com.br\/index.php\/wp-json\/wp\/v2\/types\/page"}],"author":[{"embeddable":true,"href":"https:\/\/nienowadvogados.com.br\/index.php\/wp-json\/wp\/v2\/users\/1"}],"replies":[{"embeddable":true,"href":"https:\/\/nienowadvogados.com.br\/index.php\/wp-json\/wp\/v2\/comments?post=94"}],"version-history":[{"count":10,"href":"https:\/\/nienowadvogados.com.br\/index.php\/wp-json\/wp\/v2\/pages\/94\/revisions"}],"predecessor-version":[{"id":440,"href":"https:\/\/nienowadvogados.com.br\/index.php\/wp-json\/wp\/v2\/pages\/94\/revisions\/440"}],"wp:attachment":[{"href":"https:\/\/nienowadvogados.com.br\/index.php\/wp-json\/wp\/v2\/media?parent=94"}],"curies":[{"name":"wp","href":"https:\/\/api.w.org\/{rel}","templated":true}]}}