{"id":93,"date":"2018-12-30T23:13:57","date_gmt":"2018-12-31T01:13:57","guid":{"rendered":"http:\/\/newsjur.nienowadvogados.com.br\/?page_id=93"},"modified":"2024-01-02T20:07:21","modified_gmt":"2024-01-02T23:07:21","slug":"home","status":"publish","type":"page","link":"https:\/\/nienowadvogados.com.br\/","title":{"rendered":""},"content":{"rendered":"<p style=\"text-align: right;\">Atua\u00e7\u00e3o <i>\u00e9tica<\/i>,<\/p>\n<p style=\"text-align: right;\">aconselhamento <i>respons\u00e1vel<\/i>,<\/p>\n<p style=\"text-align: right;\"><i>firme<\/i> defesa dos interesses do cliente,<\/p>\n<p style=\"text-align: right;\"><i>transpar\u00eancia<\/i> na rela\u00e7\u00e3o com o contratante.<\/p>\n<p style=\"text-align: right;\">Constante <i>atualiza\u00e7\u00e3o<\/i>, busca da <i>inova\u00e7\u00e3o<\/i>, uso da <i>criatividade<\/i>.<\/p>\n<h6 style=\"text-align: right;\"><b>A gest\u00e3o moderna dos neg\u00f3cios, necessita de uma eficiente assessoria jur\u00eddica.<\/b><\/h6>\n","protected":false},"excerpt":{"rendered":"<p>Atua\u00e7\u00e3o \u00e9tica, aconselhamento respons\u00e1vel, firme defesa dos interesses do cliente, transpar\u00eancia na rela\u00e7\u00e3o com o contratante. Constante atualiza\u00e7\u00e3o, busca da inova\u00e7\u00e3o, uso da criatividade. A &hellip;<\/p>\n","protected":false},"author":1,"featured_media":0,"parent":0,"menu_order":0,"comment_status":"closed","ping_status":"closed","template":"","meta":{"footnotes":""},"_links":{"self":[{"href":"https:\/\/nienowadvogados.com.br\/index.php\/wp-json\/wp\/v2\/pages\/93"}],"collection":[{"href":"https:\/\/nienowadvogados.com.br\/index.php\/wp-json\/wp\/v2\/pages"}],"about":[{"href":"https:\/\/nienowadvogados.com.br\/index.php\/wp-json\/wp\/v2\/types\/page"}],"author":[{"embeddable":true,"href":"https:\/\/nienowadvogados.com.br\/index.php\/wp-json\/wp\/v2\/users\/1"}],"replies":[{"embeddable":true,"href":"https:\/\/nienowadvogados.com.br\/index.php\/wp-json\/wp\/v2\/comments?post=93"}],"version-history":[{"count":30,"href":"https:\/\/nienowadvogados.com.br\/index.php\/wp-json\/wp\/v2\/pages\/93\/revisions"}],"predecessor-version":[{"id":636,"href":"https:\/\/nienowadvogados.com.br\/index.php\/wp-json\/wp\/v2\/pages\/93\/revisions\/636"}],"wp:attachment":[{"href":"https:\/\/nienowadvogados.com.br\/index.php\/wp-json\/wp\/v2\/media?parent=93"}],"curies":[{"name":"wp","href":"https:\/\/api.w.org\/{rel}","templated":true}]}}